{"id":21,"date":"2018-08-10T15:20:17","date_gmt":"2018-08-10T15:20:17","guid":{"rendered":"https:\/\/flyingsquirrelsports.pe\/calgary-alberta\/?page_id=21"},"modified":"2020-06-16T17:26:13","modified_gmt":"2020-06-16T17:26:13","slug":"attractions","status":"publish","type":"page","link":"https:\/\/flyingsquirrelsports.pe\/lima-peru\/attractions\/","title":{"rendered":"Attractions"},"content":{"rendered":"\n\t\t\t\t<a href=\"https:\/\/flyingsquirrelsports.pe\/lima-peru\/\" target=\"_self\" itemprop=\"url\" rel=\"noopener noreferrer\">\n\t\t\t\t<img decoding=\"async\" src=\"https:\/\/flyingsquirrelsports.us\/missoula-montana\/wp-content\/uploads\/sites\/2\/2020\/05\/fs-logo-horizontal-whitetext.png\" alt=\"\" itemprop=\"image\" onerror=\"this.style.display='none'\"  \/>\n\t\t\t\t<\/a>\n\t\t\t<a href=\"tel:948014227\" target=\"_self\" role=\"button\" rel=\"noopener noreferrer\">\n\t\t\t\t\t\t\tCALL US\n\t\t\t\t\t<\/a>\n\t   \t<ul id=\"menu-main-navigation\"><li id=\"menu-item-413\"><a href=\"https:\/\/flyingsquirrelsports.pe\" tabindex=\"0\" role=\"link\">Peru Home<\/a><\/li>\n<li id=\"menu-item-40\"><a href=\"https:\/\/flyingsquirrelsports.pe\/lima-peru\/\" tabindex=\"0\" role=\"link\">Lima<\/a><\/li>\n<li id=\"menu-item-412\"><a href=\"https:\/\/flyingsquirrelsports.pe\/lima-peru\/tickets\/\" tabindex=\"0\" role=\"link\">Boletos de Entrada<\/a><\/li>\n<li id=\"menu-item-411\"><a href=\"https:\/\/flyingsquirrelsports.pe\/lima-peru\/parties\/\" tabindex=\"0\" role=\"link\">Fiestas<\/a><\/li>\n<li id=\"menu-item-904\"><a href=\"https:\/\/flyingsquirrelsports.pe\/lima-peru\/attractions\/\" aria-current=\"page\" tabindex=\"0\" role=\"link\">Atracciones<\/a><\/li>\n<li id=\"menu-item-36\"><a href=\"https:\/\/flyingsquirrelsports.pe\/lima-peru\/contact-us\/\" tabindex=\"0\" role=\"link\">Cont\u00e1ctanos<\/a><\/li>\n<\/ul>\n\t\t\u00d7\n\t\t<ul id=\"menu-main-navigation-1\"><li id=\"menu-item-413\"><a href=\"https:\/\/flyingsquirrelsports.pe\" tabindex=\"0\" role=\"link\">Peru Home<\/a><\/li>\n<li id=\"menu-item-40\"><a href=\"https:\/\/flyingsquirrelsports.pe\/lima-peru\/\" tabindex=\"0\" role=\"link\">Lima<\/a><\/li>\n<li id=\"menu-item-412\"><a href=\"https:\/\/flyingsquirrelsports.pe\/lima-peru\/tickets\/\" tabindex=\"0\" role=\"link\">Boletos de Entrada<\/a><\/li>\n<li id=\"menu-item-411\"><a href=\"https:\/\/flyingsquirrelsports.pe\/lima-peru\/parties\/\" tabindex=\"0\" role=\"link\">Fiestas<\/a><\/li>\n<li id=\"menu-item-904\"><a href=\"https:\/\/flyingsquirrelsports.pe\/lima-peru\/attractions\/\" aria-current=\"page\" tabindex=\"0\" role=\"link\">Atracciones<\/a><\/li>\n<li id=\"menu-item-36\"><a href=\"https:\/\/flyingsquirrelsports.pe\/lima-peru\/contact-us\/\" tabindex=\"0\" role=\"link\">Cont\u00e1ctanos<\/a><\/li>\n<\/ul>\n  <h1>ATRACCIONES<\/h1>\n\t\t\t\t\t\t<h4 tabindex=\"0\">STICKY WALL<\/h4>\n\t\t\tCol\u00f3cate el traje de pega pega e intenta pegarte en la pared pegajosa lo m\u00e1s alto que puedas\n\t\t\t\t\t\t<h4 tabindex=\"0\">KIDS ZONE<\/h4>\n<p>\u00c1rea exclusiva para ni\u00f1os desde 3 a 8 a\u00f1os donde podr\u00e1n jugar y divertirse en esta zona con el<\/p>\n<p>cuidado de sus padres<\/p>\n\t\t\t\t\t\t<h4 tabindex=\"0\">PUENTE DE PELOTAS<\/h4>\n\t\t\tIntenta pasar al otro extremo saltando pelota tras pelota sin caer\n\t\t\t\t\t\t<h4 tabindex=\"0\">CIRCUITO<\/h4>\n<p>\u00a0\u00a1Si eres una persona de retos, entonces este circuito es para ti!<\/p>\n<p>Intenta pasar por todos los juegos del circuito y vence a tu competidor.<\/p>\n\t\t\t\t\t\t<h4 tabindex=\"0\">RING DE BOX<\/h4>\n<p>Si te gusta el box o los nuevos retos, intenta jugar luchando en nuestro ring de box.<\/p>\n<p>Tambi\u00e9n encontraras trajes de ZUMO donde podr\u00e1s jugar y divertirte con tu oponente<\/p>\n\t\t\t\t\t\t<h4 tabindex=\"0\">TOBOGAN GIGANTE<\/h4>\n\t\t\t\u00a1Escala y resb\u00e1late en nuestro tobog\u00e1n gigante, a que no te atreves!\n\t\t\t\t\t\t<h4 tabindex=\"0\">PELOTA DE PENDULO<\/h4>\n<p>Pueden jugar a partir de 2 a 4 personas, coloc\u00e1ndose una persona en cada lado y<\/p>\n<p>lanza la pelota a tu oponente para intentar derribarlo!!!<\/p>\n\t\t\t\t\t\t<h4 tabindex=\"0\">OBSTACULOS<\/h4>\n\t\t\tPalitroques inflables\u2026 intenta cruzarlos y sentir\u00e1s la adrenalina!\n\t\t\t\t\t\t<h4 tabindex=\"0\">CANCHITA DE FUTBOL Y BASKET<\/h4>\n\t\t\tDivi\u00e9rtete con amigos y\/o familia en grupo, forma tu equipo y a jugar!!\n\t\t\t\t\t\t<h4 tabindex=\"0\">NINJA WALL<\/h4>\n\t\t\tIntenta llegar a la cima y baja por el tobog\u00e1n!!\n\t\t\t\t\t\t<h4 tabindex=\"0\">PUENTE <\/h4>\n\t\t\tIntenta cruzar por el puente de un lado a otro sin caerte y haciendo equilibrio, te divertir\u00e1s!!\n\t\t\t\t\t\t<h4 tabindex=\"0\">RESBALADERA<\/h4>\n\t\t\tDivi\u00e9rtete y descarga tu mayor energ\u00eda en nuestras enormes resbaladeras\n\t\t\t\t\t\t<h4 tabindex=\"0\">PISCINA DE PELOTAS<\/h4>\n\t\t\tSegura, entretenida y colorida, sum\u00e9rgete con todos tus amigos!\n\t\t\t\t<a href=\"https:\/\/flyingsquirrelsports.pe\/lima-peru\" target=\"_self\" itemprop=\"url\" rel=\"noopener noreferrer\">\n\t\t\t\t<img decoding=\"async\" src=\"https:\/\/flyingsquirrelsports.us\/missoula-montana\/wp-content\/uploads\/sites\/2\/2020\/05\/fs-logo-horizontal-whitetext.png\" alt=\"\" itemprop=\"image\" onerror=\"this.style.display='none'\"  \/>\n\t\t\t\t<\/a>\n\t<p>HORARIO DE ATENCION<\/p>\n\t<p>SIGUENOS EN<\/p>\n\t<p>Flying Squirrel Peru en nuestras redes sociales, donde encontraras novedades y ofertas especiales, no te lo pierdas!<\/p>\n\t\t<link itemprop=\"url\" href=\"https:\/\/flyingsquirrelsports.pe\/lima-peru\">\n\t\t<a itemprop=\"sameAs\" href=\"https:\/\/www.facebook.com\/FlyingsquirrelLima\/\" target=\"_blank\" title=\"\" aria-label=\"\" role=\"button\" rel=\"noopener noreferrer\">\n\t\t\t\t\t<\/a>\n\t\t<link itemprop=\"url\" href=\"https:\/\/flyingsquirrelsports.pe\/lima-peru\">\n\t\t<a itemprop=\"sameAs\" href=\"https:\/\/www.instagram.com\/flyingsquirrellima\/\" target=\"_self\" title=\"\" aria-label=\"\" role=\"button\" rel=\"noopener noreferrer\">\n\t\t\t\t\t<\/a>\n\t<p>Lunes a Jueves de 2PM a 10PM<\/p>\n<p>Viernes a Domingo de 2PM a 11PM<\/p>\n\t   \t<ul id=\"menu-main-navigation-2\"><li id=\"menu-item-413\"><a href=\"https:\/\/flyingsquirrelsports.pe\" tabindex=\"0\" role=\"link\">Peru Home<\/a><\/li>\n<li id=\"menu-item-40\"><a href=\"https:\/\/flyingsquirrelsports.pe\/lima-peru\/\" tabindex=\"0\" role=\"link\">Lima<\/a><\/li>\n<li id=\"menu-item-412\"><a href=\"https:\/\/flyingsquirrelsports.pe\/lima-peru\/tickets\/\" tabindex=\"0\" role=\"link\">Boletos de Entrada<\/a><\/li>\n<li id=\"menu-item-411\"><a href=\"https:\/\/flyingsquirrelsports.pe\/lima-peru\/parties\/\" tabindex=\"0\" role=\"link\">Fiestas<\/a><\/li>\n<li id=\"menu-item-904\"><a href=\"https:\/\/flyingsquirrelsports.pe\/lima-peru\/attractions\/\" aria-current=\"page\" tabindex=\"0\" role=\"link\">Atracciones<\/a><\/li>\n<li id=\"menu-item-36\"><a href=\"https:\/\/flyingsquirrelsports.pe\/lima-peru\/contact-us\/\" tabindex=\"0\" role=\"link\">Cont\u00e1ctanos<\/a><\/li>\n<\/ul>\n\t<p><a href=\"https:\/\/highrevapplications.com\">\u00a9 Built by High Rev Applications<\/a><\/p>\n","protected":false},"excerpt":{"rendered":"<p>CALL US Peru Home Lima Boletos de Entrada Fiestas Atracciones Cont\u00e1ctanos \u00d7 Peru Home Lima Boletos de Entrada Fiestas Atracciones Cont\u00e1ctanos ATRACCIONES STICKY WALL Col\u00f3cate el traje de pega pega e intenta pegarte en la pared pegajosa lo m\u00e1s alto que puedas KIDS ZONE \u00c1rea exclusiva para ni\u00f1os desde 3 a 8 a\u00f1os donde podr\u00e1n&hellip;<\/p>\n","protected":false},"author":3,"featured_media":0,"parent":0,"menu_order":0,"comment_status":"closed","ping_status":"closed","template":"tpl-no-header-footer.php","meta":{"footnotes":""},"class_list":["post-21","page","type-page","status-publish","hentry"],"_links":{"self":[{"href":"https:\/\/flyingsquirrelsports.pe\/lima-peru\/wp-json\/wp\/v2\/pages\/21","targetHints":{"allow":["GET"]}}],"collection":[{"href":"https:\/\/flyingsquirrelsports.pe\/lima-peru\/wp-json\/wp\/v2\/pages"}],"about":[{"href":"https:\/\/flyingsquirrelsports.pe\/lima-peru\/wp-json\/wp\/v2\/types\/page"}],"author":[{"embeddable":true,"href":"https:\/\/flyingsquirrelsports.pe\/lima-peru\/wp-json\/wp\/v2\/users\/3"}],"replies":[{"embeddable":true,"href":"https:\/\/flyingsquirrelsports.pe\/lima-peru\/wp-json\/wp\/v2\/comments?post=21"}],"version-history":[{"count":0,"href":"https:\/\/flyingsquirrelsports.pe\/lima-peru\/wp-json\/wp\/v2\/pages\/21\/revisions"}],"wp:attachment":[{"href":"https:\/\/flyingsquirrelsports.pe\/lima-peru\/wp-json\/wp\/v2\/media?parent=21"}],"curies":[{"name":"wp","href":"https:\/\/api.w.org\/{rel}","templated":true}]}}