{"id":25,"date":"2018-08-10T15:22:09","date_gmt":"2018-08-10T15:22:09","guid":{"rendered":"https:\/\/flyingsquirrelsports.pe\/calgary-alberta\/?page_id=25"},"modified":"2021-04-12T12:58:27","modified_gmt":"2021-04-12T12:58:27","slug":"contact-us","status":"publish","type":"page","link":"https:\/\/flyingsquirrelsports.pe\/lima-peru\/contact-us\/","title":{"rendered":"Contact-Us"},"content":{"rendered":"\n\n\t\t\t\t<a href=\"https:\/\/flyingsquirrelsports.pe\/lima-peru\/\" target=\"_self\" itemprop=\"url\" rel=\"noopener\">\n\t\t\t\t<img decoding=\"async\" src=\"https:\/\/flyingsquirrelsports.us\/missoula-montana\/wp-content\/uploads\/sites\/2\/2020\/05\/fs-logo-horizontal-whitetext.png\" alt=\"\" itemprop=\"image\" onerror=\"this.style.display='none'\"  \/>\n\t\t\t\t<\/a>\n\t   \t<ul id=\"menu-main-navigation\"><li id=\"menu-item-413\"><a href=\"https:\/\/flyingsquirrelsports.pe\" tabindex=\"0\" role=\"link\">Peru Home<\/a><\/li>\n<li id=\"menu-item-40\"><a href=\"https:\/\/flyingsquirrelsports.pe\/lima-peru\/\" tabindex=\"0\" role=\"link\">Lima<\/a><\/li>\n<li id=\"menu-item-412\"><a href=\"https:\/\/flyingsquirrelsports.pe\/lima-peru\/tickets\/\" tabindex=\"0\" role=\"link\">Boletos de Entrada<\/a><\/li>\n<li id=\"menu-item-411\"><a href=\"https:\/\/flyingsquirrelsports.pe\/lima-peru\/parties\/\" tabindex=\"0\" role=\"link\">Fiestas<\/a><\/li>\n<li id=\"menu-item-904\"><a href=\"https:\/\/flyingsquirrelsports.pe\/lima-peru\/attractions\/\" tabindex=\"0\" role=\"link\">Atracciones<\/a><\/li>\n<li id=\"menu-item-36\"><a href=\"https:\/\/flyingsquirrelsports.pe\/lima-peru\/contact-us\/\" aria-current=\"page\" tabindex=\"0\" role=\"link\">Cont\u00e1ctanos<\/a><\/li>\n<\/ul>\n\t\t<a href=\"javascript:void(0)\">\u00d7<\/a>\n\t\t<ul id=\"menu-main-navigation-1\"><li id=\"menu-item-413\"><a href=\"https:\/\/flyingsquirrelsports.pe\" tabindex=\"0\" role=\"link\">Peru Home<\/a><\/li>\n<li id=\"menu-item-40\"><a href=\"https:\/\/flyingsquirrelsports.pe\/lima-peru\/\" tabindex=\"0\" role=\"link\">Lima<\/a><\/li>\n<li id=\"menu-item-412\"><a href=\"https:\/\/flyingsquirrelsports.pe\/lima-peru\/tickets\/\" tabindex=\"0\" role=\"link\">Boletos de Entrada<\/a><\/li>\n<li id=\"menu-item-411\"><a href=\"https:\/\/flyingsquirrelsports.pe\/lima-peru\/parties\/\" tabindex=\"0\" role=\"link\">Fiestas<\/a><\/li>\n<li id=\"menu-item-904\"><a href=\"https:\/\/flyingsquirrelsports.pe\/lima-peru\/attractions\/\" tabindex=\"0\" role=\"link\">Atracciones<\/a><\/li>\n<li id=\"menu-item-36\"><a href=\"https:\/\/flyingsquirrelsports.pe\/lima-peru\/contact-us\/\" aria-current=\"page\" tabindex=\"0\" role=\"link\">Cont\u00e1ctanos<\/a><\/li>\n<\/ul>\n\t\t\t\t<img loading=\"lazy\" decoding=\"async\" src=\"https:\/\/flyingsquirrelsports.us\/missoula-montana\/wp-content\/uploads\/sites\/2\/2020\/06\/contactus.jpg\" alt=\"contactus\" itemprop=\"image\" height=\"300\" width=\"1400\" title=\"contactus\" onerror=\"this.style.display='none'\"  \/>\n\t<iframe loading=\"lazy\" src=\"https:\/\/www.google.com\/maps\/embed?pb=!1m18!1m12!1m3!1d3901.3856290857448!2d-76.97580218518708!3d-12.085731291441398!2m3!1f0!2f0!3f0!3m2!1i1024!2i768!4f13.1!3m3!1m2!1s0x9105c7644b3868bf%3A0xf3798871ed812b07!2sJockey%20Plaza%20-%20Puerta%207!5e0!3m2!1sen!2sus!4v1592328431725!5m2!1sen!2sus\" width=\"100%\" height=\"450\" frameborder=\"0\" allowfullscreen=\"\" aria-hidden=\"false\" tabindex=\"0\"><\/iframe>\n\t\t\t\t<a href=\"https:\/\/flyingsquirrelsports.pe\/lima-peru\" target=\"_self\" itemprop=\"url\" rel=\"noopener\">\n\t\t\t\t<img decoding=\"async\" src=\"https:\/\/flyingsquirrelsports.us\/missoula-montana\/wp-content\/uploads\/sites\/2\/2020\/05\/fs-logo-horizontal-whitetext.png\" alt=\"\" itemprop=\"image\" onerror=\"this.style.display='none'\"  \/>\n\t\t\t\t<\/a>\n\t<p>HORARIO DE ATENCION<\/p>\n\t<p>SIGUENOS EN<\/p>\n\t<p>Flying Squirrel Peru en nuestras redes sociales, donde encontraras novedades y ofertas especiales, no te lo pierdas!<\/p>\n\t\t<link itemprop=\"url\" href=\"https:\/\/flyingsquirrelsports.pe\/lima-peru\"\/>\n\t\t<a itemprop=\"sameAs\" href=\"https:\/\/www.facebook.com\/FlyingsquirrelLima\/\" target=\"_blank\" title=\"\" aria-label=\"\" role=\"button\" rel=\"noopener\">\n\t\t\t\t\t<\/a>\n\t\t<link itemprop=\"url\" href=\"https:\/\/flyingsquirrelsports.pe\/lima-peru\"\/>\n\t\t<a itemprop=\"sameAs\" href=\"https:\/\/www.instagram.com\/flyingsquirrellima\/\" target=\"_self\" title=\"\" aria-label=\"\" role=\"button\" rel=\"noopener\">\n\t\t\t\t\t<\/a>\n\t<p>Lunes a Domingo &#8211; 11:00am a 7:00pm<\/p>\n\t   \t<ul id=\"menu-main-navigation-2\"><li id=\"menu-item-413\"><a href=\"https:\/\/flyingsquirrelsports.pe\" tabindex=\"0\" role=\"link\">Peru Home<\/a><\/li>\n<li id=\"menu-item-40\"><a href=\"https:\/\/flyingsquirrelsports.pe\/lima-peru\/\" tabindex=\"0\" role=\"link\">Lima<\/a><\/li>\n<li id=\"menu-item-412\"><a href=\"https:\/\/flyingsquirrelsports.pe\/lima-peru\/tickets\/\" tabindex=\"0\" role=\"link\">Boletos de Entrada<\/a><\/li>\n<li id=\"menu-item-411\"><a href=\"https:\/\/flyingsquirrelsports.pe\/lima-peru\/parties\/\" tabindex=\"0\" role=\"link\">Fiestas<\/a><\/li>\n<li id=\"menu-item-904\"><a href=\"https:\/\/flyingsquirrelsports.pe\/lima-peru\/attractions\/\" tabindex=\"0\" role=\"link\">Atracciones<\/a><\/li>\n<li id=\"menu-item-36\"><a href=\"https:\/\/flyingsquirrelsports.pe\/lima-peru\/contact-us\/\" aria-current=\"page\" tabindex=\"0\" role=\"link\">Cont\u00e1ctanos<\/a><\/li>\n<\/ul>\n\t\n\n","protected":false},"excerpt":{"rendered":"<p>Peru Home Lima Boletos de Entrada Fiestas Atracciones Cont\u00e1ctanos \u00d7 Peru Home Lima Boletos de Entrada Fiestas Atracciones Cont\u00e1ctanos HORARIO DE ATENCION SIGUENOS EN Flying Squirrel Peru en nuestras redes sociales, donde encontraras novedades y ofertas especiales, no te lo pierdas! Lunes a Domingo &#8211; 11:00am a 7:00pm Peru Home Lima Boletos de Entrada Fiestas&hellip;<\/p>\n","protected":false},"author":3,"featured_media":0,"parent":0,"menu_order":0,"comment_status":"closed","ping_status":"closed","template":"tpl-no-header-footer.php","meta":{"footnotes":""},"class_list":["post-25","page","type-page","status-publish","hentry"],"_links":{"self":[{"href":"https:\/\/flyingsquirrelsports.pe\/lima-peru\/wp-json\/wp\/v2\/pages\/25","targetHints":{"allow":["GET"]}}],"collection":[{"href":"https:\/\/flyingsquirrelsports.pe\/lima-peru\/wp-json\/wp\/v2\/pages"}],"about":[{"href":"https:\/\/flyingsquirrelsports.pe\/lima-peru\/wp-json\/wp\/v2\/types\/page"}],"author":[{"embeddable":true,"href":"https:\/\/flyingsquirrelsports.pe\/lima-peru\/wp-json\/wp\/v2\/users\/3"}],"replies":[{"embeddable":true,"href":"https:\/\/flyingsquirrelsports.pe\/lima-peru\/wp-json\/wp\/v2\/comments?post=25"}],"version-history":[{"count":0,"href":"https:\/\/flyingsquirrelsports.pe\/lima-peru\/wp-json\/wp\/v2\/pages\/25\/revisions"}],"wp:attachment":[{"href":"https:\/\/flyingsquirrelsports.pe\/lima-peru\/wp-json\/wp\/v2\/media?parent=25"}],"curies":[{"name":"wp","href":"https:\/\/api.w.org\/{rel}","templated":true}]}}