{"id":408,"date":"2018-10-04T21:52:06","date_gmt":"2018-10-04T21:52:06","guid":{"rendered":"https:\/\/flyingsquirrelsports.pe\/calgary-alberta\/?page_id=408"},"modified":"2021-11-10T13:59:55","modified_gmt":"2021-11-10T13:59:55","slug":"restrictions","status":"publish","type":"page","link":"https:\/\/flyingsquirrelsports.pe\/lima-peru\/restrictions\/","title":{"rendered":"Restrictions"},"content":{"rendered":"\n\n\t\t\t\t<a href=\"https:\/\/flyingsquirrelsports.pe\/lima-peru\/\" target=\"_self\" itemprop=\"url\" rel=\"noopener\">\n\t\t\t\t<img loading=\"lazy\" decoding=\"async\" src=\"https:\/\/flyingsquirrelsports.pe\/lima-peru\/wp-content\/uploads\/sites\/3\/2021\/11\/Lima-FS-Logo.png\" alt=\"Lima FS Logo\" itemprop=\"image\" height=\"222\" width=\"1143\" title=\"Lima FS Logo\" onerror=\"this.style.display='none'\"  \/>\n\t\t\t\t<\/a>\n\t   \t<ul id=\"menu-main-navigation\"><li id=\"menu-item-413\"><a href=\"https:\/\/flyingsquirrelsports.pe\" tabindex=\"0\" role=\"link\">Peru Home<\/a><\/li>\n<li id=\"menu-item-40\"><a href=\"https:\/\/flyingsquirrelsports.pe\/lima-peru\/\" tabindex=\"0\" role=\"link\">Lima<\/a><\/li>\n<li id=\"menu-item-412\"><a href=\"https:\/\/flyingsquirrelsports.pe\/lima-peru\/tickets\/\" tabindex=\"0\" role=\"link\">Boletos de Entrada<\/a><\/li>\n<li id=\"menu-item-411\"><a href=\"https:\/\/flyingsquirrelsports.pe\/lima-peru\/restrictions\/\" aria-current=\"page\" tabindex=\"0\" role=\"link\">Restrictions<\/a><\/li>\n<li id=\"menu-item-904\"><a href=\"https:\/\/flyingsquirrelsports.pe\/lima-peru\/attractions\/\" tabindex=\"0\" role=\"link\">Atracciones<\/a><\/li>\n<li id=\"menu-item-36\"><a href=\"https:\/\/flyingsquirrelsports.pe\/lima-peru\/contact-us\/\" tabindex=\"0\" role=\"link\">Cont\u00e1ctanos<\/a><\/li>\n<\/ul>\n\t\t<a href=\"javascript:void(0)\">\u00d7<\/a>\n\t\t<ul id=\"menu-main-navigation-1\"><li id=\"menu-item-413\"><a href=\"https:\/\/flyingsquirrelsports.pe\" tabindex=\"0\" role=\"link\">Peru Home<\/a><\/li>\n<li id=\"menu-item-40\"><a href=\"https:\/\/flyingsquirrelsports.pe\/lima-peru\/\" tabindex=\"0\" role=\"link\">Lima<\/a><\/li>\n<li id=\"menu-item-412\"><a href=\"https:\/\/flyingsquirrelsports.pe\/lima-peru\/tickets\/\" tabindex=\"0\" role=\"link\">Boletos de Entrada<\/a><\/li>\n<li id=\"menu-item-411\"><a href=\"https:\/\/flyingsquirrelsports.pe\/lima-peru\/restrictions\/\" aria-current=\"page\" tabindex=\"0\" role=\"link\">Restrictions<\/a><\/li>\n<li id=\"menu-item-904\"><a href=\"https:\/\/flyingsquirrelsports.pe\/lima-peru\/attractions\/\" tabindex=\"0\" role=\"link\">Atracciones<\/a><\/li>\n<li id=\"menu-item-36\"><a href=\"https:\/\/flyingsquirrelsports.pe\/lima-peru\/contact-us\/\" tabindex=\"0\" role=\"link\">Cont\u00e1ctanos<\/a><\/li>\n<\/ul>\n<h2>\n\t\tEDADES\n\t<\/h2>\n\t<p>El ingreso es a partir de los 3 a\u00f1os (mostrando DNI) hasta los 59 a\u00f1os (Mujeres embarazadas no pueden ingresar al inflable).<\/p>\n<p>Ni\u00f1os de 3 a 7 a\u00f1os entran con un adulto mayor de edad de manera obligatoria quien tambi\u00e9n paga entrada.<\/p>\n<p>El peso m\u00e1ximo por persona es de 100 kilos.<\/p>\n<p>Por el momento no realizamos reservas, el ingreso y adquisici\u00f3n de entradas es por orden de llegada en nuestra boleter\u00eda.<\/p>\n<p>El ingreso es solo con medias y doble mascarilla. \u00a1Te esperamos!<\/p>\n\t\t\t\t<a href=\"https:\/\/flyingsquirrelsports.pe\/lima-peru\" target=\"_self\" itemprop=\"url\" rel=\"noopener\">\n\t\t\t\t<img loading=\"lazy\" decoding=\"async\" src=\"https:\/\/flyingsquirrelsports.pe\/lima-peru\/wp-content\/uploads\/sites\/3\/2021\/11\/Lima-FS-Logo.png\" alt=\"Lima FS Logo\" itemprop=\"image\" height=\"222\" width=\"1143\" title=\"Lima FS Logo\" onerror=\"this.style.display='none'\"  \/>\n\t\t\t\t<\/a>\n\t\t<link itemprop=\"url\" href=\"https:\/\/flyingsquirrelsports.pe\/lima-peru\"\/>\n\t\t<a itemprop=\"sameAs\" href=\"https:\/\/www.facebook.com\/FlyingsquirrelLima\/\" target=\"_blank\" title=\"\" aria-label=\"\" role=\"button\" rel=\"noopener\">\n\t\t\t\t\t<\/a>\n\t\t<link itemprop=\"url\" href=\"https:\/\/flyingsquirrelsports.pe\/lima-peru\"\/>\n\t\t<a itemprop=\"sameAs\" href=\"https:\/\/www.instagram.com\/flyingsquirrellima\/\" target=\"_self\" title=\"\" aria-label=\"\" role=\"button\" rel=\"noopener\">\n\t\t\t\t\t<\/a>\n\t<p>HORARIO DE ATENCION<\/p>\n\tLunes a viernes 1pm a 9pm<br \/>\nSabado y domingos de 11am a 10pm\n\t<p>SIGUENOS EN<\/p>\n\t<p>Flying Squirrel Peru en nuestras redes sociales, donde encontraras novedades y ofertas especiales, no te lo pierdas!<\/p>\n\t   \t<ul id=\"menu-main-navigation-2\"><li id=\"menu-item-413\"><a href=\"https:\/\/flyingsquirrelsports.pe\" tabindex=\"0\" role=\"link\">Peru Home<\/a><\/li>\n<li id=\"menu-item-40\"><a href=\"https:\/\/flyingsquirrelsports.pe\/lima-peru\/\" tabindex=\"0\" role=\"link\">Lima<\/a><\/li>\n<li id=\"menu-item-412\"><a href=\"https:\/\/flyingsquirrelsports.pe\/lima-peru\/tickets\/\" tabindex=\"0\" role=\"link\">Boletos de Entrada<\/a><\/li>\n<li id=\"menu-item-411\"><a href=\"https:\/\/flyingsquirrelsports.pe\/lima-peru\/restrictions\/\" aria-current=\"page\" tabindex=\"0\" role=\"link\">Restrictions<\/a><\/li>\n<li id=\"menu-item-904\"><a href=\"https:\/\/flyingsquirrelsports.pe\/lima-peru\/attractions\/\" tabindex=\"0\" role=\"link\">Atracciones<\/a><\/li>\n<li id=\"menu-item-36\"><a href=\"https:\/\/flyingsquirrelsports.pe\/lima-peru\/contact-us\/\" tabindex=\"0\" role=\"link\">Cont\u00e1ctanos<\/a><\/li>\n<\/ul>\n\t\n\n","protected":false},"excerpt":{"rendered":"<p>Peru Home Lima Boletos de Entrada Restrictions Atracciones Cont\u00e1ctanos \u00d7 Peru Home Lima Boletos de Entrada Restrictions Atracciones Cont\u00e1ctanos EDADES El ingreso es a partir de los 3 a\u00f1os (mostrando DNI) hasta los 59 a\u00f1os (Mujeres embarazadas no pueden ingresar al inflable). Ni\u00f1os de 3 a 7 a\u00f1os entran con un adulto mayor de edad&hellip;<\/p>\n","protected":false},"author":3,"featured_media":0,"parent":0,"menu_order":0,"comment_status":"closed","ping_status":"closed","template":"tpl-no-header-footer.php","meta":{"footnotes":""},"class_list":["post-408","page","type-page","status-publish","hentry"],"_links":{"self":[{"href":"https:\/\/flyingsquirrelsports.pe\/lima-peru\/wp-json\/wp\/v2\/pages\/408","targetHints":{"allow":["GET"]}}],"collection":[{"href":"https:\/\/flyingsquirrelsports.pe\/lima-peru\/wp-json\/wp\/v2\/pages"}],"about":[{"href":"https:\/\/flyingsquirrelsports.pe\/lima-peru\/wp-json\/wp\/v2\/types\/page"}],"author":[{"embeddable":true,"href":"https:\/\/flyingsquirrelsports.pe\/lima-peru\/wp-json\/wp\/v2\/users\/3"}],"replies":[{"embeddable":true,"href":"https:\/\/flyingsquirrelsports.pe\/lima-peru\/wp-json\/wp\/v2\/comments?post=408"}],"version-history":[{"count":0,"href":"https:\/\/flyingsquirrelsports.pe\/lima-peru\/wp-json\/wp\/v2\/pages\/408\/revisions"}],"wp:attachment":[{"href":"https:\/\/flyingsquirrelsports.pe\/lima-peru\/wp-json\/wp\/v2\/media?parent=408"}],"curies":[{"name":"wp","href":"https:\/\/api.w.org\/{rel}","templated":true}]}}